{"id":1333,"date":"2021-04-06T07:38:08","date_gmt":"2021-04-06T07:38:08","guid":{"rendered":"http:\/\/elijahotel.com\/raeume\/"},"modified":"2021-04-06T07:38:12","modified_gmt":"2021-04-06T07:38:12","slug":"raeume","status":"publish","type":"page","link":"https:\/\/www.elijahotel.com\/de\/raeume\/","title":{"rendered":"R\u00c4UME"},"content":{"rendered":"\t\t<div data-elementor-type=\"wp-page\" data-elementor-id=\"1333\" class=\"elementor elementor-1333 elementor-16\" data-elementor-post-type=\"page\">\n\t\t\t\t\t\t<section class=\"elementor-section elementor-top-section elementor-element elementor-element-3530319 elementor-section-height-min-height elementor-section-boxed elementor-section-height-default elementor-section-items-middle\" data-id=\"3530319\" data-element_type=\"section\" data-settings=\"{&quot;background_background&quot;:&quot;classic&quot;}\">\n\t\t\t\t\t\t\t<div class=\"elementor-background-overlay\"><\/div>\n\t\t\t\t\t\t\t<div class=\"elementor-container elementor-column-gap-default\">\n\t\t\t\t\t<div class=\"elementor-column elementor-col-100 elementor-top-column elementor-element elementor-element-021b624\" data-id=\"021b624\" data-element_type=\"column\">\n\t\t\t<div class=\"elementor-widget-wrap elementor-element-populated\">\n\t\t\t\t\t\t<div class=\"elementor-element elementor-element-dd280dd elementor-widget elementor-widget-theme-post-title elementor-page-title elementor-widget-heading\" data-id=\"dd280dd\" data-element_type=\"widget\" data-widget_type=\"theme-post-title.default\">\n\t\t\t\t<div class=\"elementor-widget-container\">\n\t\t\t\t\t<h1 class=\"elementor-heading-title elementor-size-default\">R\u00c4UME<\/h1>\t\t\t\t<\/div>\n\t\t\t\t<\/div>\n\t\t\t\t<div class=\"elementor-element elementor-element-476a853 elementor-widget elementor-widget-heading\" data-id=\"476a853\" data-element_type=\"widget\" data-widget_type=\"heading.default\">\n\t\t\t\t<div class=\"elementor-widget-container\">\n\t\t\t\t\t<h1 class=\"elementor-heading-title elementor-size-default\">Unser Ziel ist es, Ihren Urlaub unvergesslich zu machen<\/h1>\t\t\t\t<\/div>\n\t\t\t\t<\/div>\n\t\t\t\t\t<\/div>\n\t\t<\/div>\n\t\t\t\t\t<\/div>\n\t\t<\/section>\n\t\t\t\t<section class=\"elementor-section elementor-top-section elementor-element elementor-element-4dac5e7 elementor-section-boxed elementor-section-height-default elementor-section-height-default\" data-id=\"4dac5e7\" data-element_type=\"section\" data-settings=\"{&quot;background_background&quot;:&quot;classic&quot;}\">\n\t\t\t\t\t\t<div class=\"elementor-container elementor-column-gap-default\">\n\t\t\t\t\t<div class=\"elementor-column elementor-col-50 elementor-top-column elementor-element elementor-element-9b4d08e\" data-id=\"9b4d08e\" data-element_type=\"column\">\n\t\t\t<div class=\"elementor-widget-wrap elementor-element-populated\">\n\t\t\t\t\t\t<div class=\"elementor-element elementor-element-137df5b elementor-widget elementor-widget-heading\" data-id=\"137df5b\" data-element_type=\"widget\" data-widget_type=\"heading.default\">\n\t\t\t\t<div class=\"elementor-widget-container\">\n\t\t\t\t\t<h2 class=\"elementor-heading-title elementor-size-default\"><b>\u0130ki Ki\u015filik<\/b> Standart<\/h2>\t\t\t\t<\/div>\n\t\t\t\t<\/div>\n\t\t\t\t<div class=\"elementor-element elementor-element-ebc2b19 elementor-widget elementor-widget-text-editor\" data-id=\"ebc2b19\" data-element_type=\"widget\" data-widget_type=\"text-editor.default\">\n\t\t\t\t<div class=\"elementor-widget-container\">\n\t\t\t\t\t\t\t\t\t<p>Mit der Methode,  die in der Natur vorhandene Lebensenergie in die Lebensr\u00e4ume zu \u00fcbertragen , haben wir f\u00fcr Sie 42 R\u00e4ume gestaltet. Auch mit Hilfe einer meisterhaften Holzdekoration, einem der sch\u00f6nsten Geschenke der Natur haben wir beabsichtigt, f\u00fcr Ihr wohlf\u00fchlen eine positive Atmosph\u00e4re zu erstellen<\/p>\n\t\t\t\t\t\t\t\t<\/div>\n\t\t\t\t<\/div>\n\t\t\t\t<div class=\"elementor-element elementor-element-f7d4c5f elementor-align-left elementor-widget elementor-widget-button\" data-id=\"f7d4c5f\" data-element_type=\"widget\" data-widget_type=\"button.default\">\n\t\t\t\t<div class=\"elementor-widget-container\">\n\t\t\t\t\t\t\t\t\t<div class=\"elementor-button-wrapper\">\n\t\t\t\t\t<a class=\"elementor-button elementor-button-link elementor-size-md\" href=\"http:\/\/elijahotel.com\/de\/standard-doppelzimmer\/\">\n\t\t\t\t\t\t<span class=\"elementor-button-content-wrapper\">\n\t\t\t\t\t\t\t\t\t<span class=\"elementor-button-text\">JETZT \u00dcBERPR\u00dcFEN<\/span>\n\t\t\t\t\t<\/span>\n\t\t\t\t\t<\/a>\n\t\t\t\t<\/div>\n\t\t\t\t\t\t\t\t<\/div>\n\t\t\t\t<\/div>\n\t\t\t\t\t<\/div>\n\t\t<\/div>\n\t\t\t\t<div class=\"elementor-column elementor-col-50 elementor-top-column elementor-element elementor-element-5380727\" data-id=\"5380727\" data-element_type=\"column\">\n\t\t\t<div class=\"elementor-widget-wrap elementor-element-populated\">\n\t\t\t\t\t\t<div class=\"elementor-element elementor-element-5956a6b elementor-widget elementor-widget-image\" data-id=\"5956a6b\" data-element_type=\"widget\" data-widget_type=\"image.default\">\n\t\t\t\t<div class=\"elementor-widget-container\">\n\t\t\t\t\t\t\t\t\t\t\t\t\t\t\t<img fetchpriority=\"high\" decoding=\"async\" width=\"800\" height=\"415\" src=\"https:\/\/www.elijahotel.com\/wp-content\/uploads\/2021\/03\/WhatsApp-Image-2021-03-18-at-20.21.52-1024x531.jpeg\" class=\"attachment-large size-large wp-image-1310\" alt=\"\" srcset=\"https:\/\/www.elijahotel.com\/wp-content\/uploads\/2021\/03\/WhatsApp-Image-2021-03-18-at-20.21.52-1024x531.jpeg 1024w, https:\/\/www.elijahotel.com\/wp-content\/uploads\/2021\/03\/WhatsApp-Image-2021-03-18-at-20.21.52-300x156.jpeg 300w, https:\/\/www.elijahotel.com\/wp-content\/uploads\/2021\/03\/WhatsApp-Image-2021-03-18-at-20.21.52-768x398.jpeg 768w, https:\/\/www.elijahotel.com\/wp-content\/uploads\/2021\/03\/WhatsApp-Image-2021-03-18-at-20.21.52.jpeg 1172w\" sizes=\"(max-width: 800px) 100vw, 800px\" \/>\t\t\t\t\t\t\t\t\t\t\t\t\t\t\t<\/div>\n\t\t\t\t<\/div>\n\t\t\t\t\t<\/div>\n\t\t<\/div>\n\t\t\t\t\t<\/div>\n\t\t<\/section>\n\t\t\t\t<section class=\"elementor-section elementor-top-section elementor-element elementor-element-f164349 elementor-section-boxed elementor-section-height-default elementor-section-height-default\" data-id=\"f164349\" data-element_type=\"section\" data-settings=\"{&quot;background_background&quot;:&quot;classic&quot;}\">\n\t\t\t\t\t\t<div class=\"elementor-container elementor-column-gap-default\">\n\t\t\t\t\t<div class=\"elementor-column elementor-col-50 elementor-top-column elementor-element elementor-element-52558ae\" data-id=\"52558ae\" data-element_type=\"column\">\n\t\t\t<div class=\"elementor-widget-wrap elementor-element-populated\">\n\t\t\t\t\t\t<div class=\"elementor-element elementor-element-b6335f2 elementor-widget elementor-widget-heading\" data-id=\"b6335f2\" data-element_type=\"widget\" data-widget_type=\"heading.default\">\n\t\t\t\t<div class=\"elementor-widget-container\">\n\t\t\t\t\t<h2 class=\"elementor-heading-title elementor-size-default\"><b>Tek Ki\u015filik<\/b> Standart<\/h2>\t\t\t\t<\/div>\n\t\t\t\t<\/div>\n\t\t\t\t<div class=\"elementor-element elementor-element-ce9de7d elementor-widget elementor-widget-text-editor\" data-id=\"ce9de7d\" data-element_type=\"widget\" data-widget_type=\"text-editor.default\">\n\t\t\t\t<div class=\"elementor-widget-container\">\n\t\t\t\t\t\t\t\t\t<p>Mit der Methode,  die in der Natur vorhandene Lebensenergie in die Lebensr\u00e4ume zu \u00fcbertragen , haben wir f\u00fcr Sie 42 R\u00e4ume gestaltet. Auch mit Hilfe einer meisterhaften Holzdekoration, einem der sch\u00f6nsten Geschenke der Natur haben wir beabsichtigt, f\u00fcr Ihr wohlf\u00fchlen eine positive Atmosph\u00e4re zu erstellen<\/p>\n\t\t\t\t\t\t\t\t<\/div>\n\t\t\t\t<\/div>\n\t\t\t\t<div class=\"elementor-element elementor-element-ab8b174 elementor-align-left elementor-widget elementor-widget-button\" data-id=\"ab8b174\" data-element_type=\"widget\" data-widget_type=\"button.default\">\n\t\t\t\t<div class=\"elementor-widget-container\">\n\t\t\t\t\t\t\t\t\t<div class=\"elementor-button-wrapper\">\n\t\t\t\t\t<a class=\"elementor-button elementor-button-link elementor-size-md\" href=\"http:\/\/elijahotel.com\/tek-kisilik-standart-oda\/\">\n\t\t\t\t\t\t<span class=\"elementor-button-content-wrapper\">\n\t\t\t\t\t\t\t\t\t<span class=\"elementor-button-text\">JETZT \u00dcBERPR\u00dcFEN<\/span>\n\t\t\t\t\t<\/span>\n\t\t\t\t\t<\/a>\n\t\t\t\t<\/div>\n\t\t\t\t\t\t\t\t<\/div>\n\t\t\t\t<\/div>\n\t\t\t\t\t<\/div>\n\t\t<\/div>\n\t\t\t\t<div class=\"elementor-column elementor-col-50 elementor-top-column elementor-element elementor-element-caf58cb\" data-id=\"caf58cb\" data-element_type=\"column\">\n\t\t\t<div class=\"elementor-widget-wrap elementor-element-populated\">\n\t\t\t\t\t\t<div class=\"elementor-element elementor-element-03cf134 elementor-widget elementor-widget-image\" data-id=\"03cf134\" data-element_type=\"widget\" data-widget_type=\"image.default\">\n\t\t\t\t<div class=\"elementor-widget-container\">\n\t\t\t\t\t\t\t\t\t\t\t\t\t\t\t<img decoding=\"async\" width=\"800\" height=\"534\" src=\"https:\/\/www.elijahotel.com\/wp-content\/uploads\/2021\/03\/DSC06468-2-1024x683.jpg\" class=\"attachment-large size-large wp-image-1305\" alt=\"\" srcset=\"https:\/\/www.elijahotel.com\/wp-content\/uploads\/2021\/03\/DSC06468-2-1024x683.jpg 1024w, https:\/\/www.elijahotel.com\/wp-content\/uploads\/2021\/03\/DSC06468-2-300x200.jpg 300w, https:\/\/www.elijahotel.com\/wp-content\/uploads\/2021\/03\/DSC06468-2-768x512.jpg 768w, https:\/\/www.elijahotel.com\/wp-content\/uploads\/2021\/03\/DSC06468-2-1536x1024.jpg 1536w, https:\/\/www.elijahotel.com\/wp-content\/uploads\/2021\/03\/DSC06468-2-2048x1366.jpg 2048w\" sizes=\"(max-width: 800px) 100vw, 800px\" \/>\t\t\t\t\t\t\t\t\t\t\t\t\t\t\t<\/div>\n\t\t\t\t<\/div>\n\t\t\t\t\t<\/div>\n\t\t<\/div>\n\t\t\t\t\t<\/div>\n\t\t<\/section>\n\t\t\t\t<\/div>\n\t\t","protected":false},"excerpt":{"rendered":"<p>Unser Ziel ist es, Ihren Urlaub unvergesslich zu machen \u0130ki Ki\u015filik Standart Mit der Methode, die in der Natur vorhandene Lebensenergie in die Lebensr\u00e4ume zu \u00fcbertragen , haben wir f\u00fcr Sie 42 R\u00e4ume gestaltet. Auch mit Hilfe einer meisterhaften Holzdekoration, einem der sch\u00f6nsten Geschenke der Natur haben wir beabsichtigt, f\u00fcr Ihr wohlf\u00fchlen eine positive Atmosph\u00e4re [&hellip;]<\/p>\n","protected":false},"author":1,"featured_media":0,"parent":0,"menu_order":0,"comment_status":"closed","ping_status":"closed","template":"","meta":{"footnotes":""},"class_list":["post-1333","page","type-page","status-publish","hentry"],"_links":{"self":[{"href":"https:\/\/www.elijahotel.com\/de\/wp-json\/wp\/v2\/pages\/1333","targetHints":{"allow":["GET"]}}],"collection":[{"href":"https:\/\/www.elijahotel.com\/de\/wp-json\/wp\/v2\/pages"}],"about":[{"href":"https:\/\/www.elijahotel.com\/de\/wp-json\/wp\/v2\/types\/page"}],"author":[{"embeddable":true,"href":"https:\/\/www.elijahotel.com\/de\/wp-json\/wp\/v2\/users\/1"}],"replies":[{"embeddable":true,"href":"https:\/\/www.elijahotel.com\/de\/wp-json\/wp\/v2\/comments?post=1333"}],"version-history":[{"count":0,"href":"https:\/\/www.elijahotel.com\/de\/wp-json\/wp\/v2\/pages\/1333\/revisions"}],"wp:attachment":[{"href":"https:\/\/www.elijahotel.com\/de\/wp-json\/wp\/v2\/media?parent=1333"}],"curies":[{"name":"wp","href":"https:\/\/api.w.org\/{rel}","templated":true}]}}