{"id":1532,"date":"2021-10-19T06:29:22","date_gmt":"2021-10-19T06:29:22","guid":{"rendered":"http:\/\/elijahotel.com\/activities\/"},"modified":"2021-10-19T06:29:23","modified_gmt":"2021-10-19T06:29:23","slug":"activities","status":"publish","type":"page","link":"https:\/\/www.elijahotel.com\/en\/activities\/","title":{"rendered":"Activities"},"content":{"rendered":"\t\t<div data-elementor-type=\"wp-page\" data-elementor-id=\"1532\" class=\"elementor elementor-1532 elementor-10\" data-elementor-post-type=\"page\">\n\t\t\t\t\t\t<section class=\"elementor-section elementor-top-section elementor-element elementor-element-3194ef7 elementor-section-height-min-height elementor-section-boxed elementor-section-height-default elementor-section-items-middle\" data-id=\"3194ef7\" data-element_type=\"section\" data-settings=\"{&quot;background_background&quot;:&quot;classic&quot;}\">\n\t\t\t\t\t\t\t<div class=\"elementor-background-overlay\"><\/div>\n\t\t\t\t\t\t\t<div class=\"elementor-container elementor-column-gap-default\">\n\t\t\t\t\t<div class=\"elementor-column elementor-col-100 elementor-top-column elementor-element elementor-element-488402e\" data-id=\"488402e\" data-element_type=\"column\">\n\t\t\t<div class=\"elementor-widget-wrap elementor-element-populated\">\n\t\t\t\t\t\t<div class=\"elementor-element elementor-element-03cf30f elementor-widget elementor-widget-theme-post-title elementor-page-title elementor-widget-heading\" data-id=\"03cf30f\" data-element_type=\"widget\" data-widget_type=\"theme-post-title.default\">\n\t\t\t\t<div class=\"elementor-widget-container\">\n\t\t\t\t\t<h1 class=\"elementor-heading-title elementor-size-default\">Activities<\/h1>\t\t\t\t<\/div>\n\t\t\t\t<\/div>\n\t\t\t\t<div class=\"elementor-element elementor-element-c58ecd1 elementor-widget elementor-widget-heading\" data-id=\"c58ecd1\" data-element_type=\"widget\" data-widget_type=\"heading.default\">\n\t\t\t\t<div class=\"elementor-widget-container\">\n\t\t\t\t\t<h1 class=\"elementor-heading-title elementor-size-default\">Our aim is to make your holiday unforgettable<\/h1>\t\t\t\t<\/div>\n\t\t\t\t<\/div>\n\t\t\t\t\t<\/div>\n\t\t<\/div>\n\t\t\t\t\t<\/div>\n\t\t<\/section>\n\t\t\t\t<section class=\"elementor-section elementor-top-section elementor-element elementor-element-1e503cdf elementor-section-content-middle elementor-section-boxed elementor-section-height-default elementor-section-height-default\" data-id=\"1e503cdf\" data-element_type=\"section\">\n\t\t\t\t\t\t<div class=\"elementor-container elementor-column-gap-no\">\n\t\t\t\t\t<div class=\"elementor-column elementor-col-25 elementor-top-column elementor-element elementor-element-84d31eb\" data-id=\"84d31eb\" data-element_type=\"column\">\n\t\t\t<div class=\"elementor-widget-wrap elementor-element-populated\">\n\t\t\t\t\t\t<div class=\"elementor-element elementor-element-13c876d9 elementor-widget elementor-widget-image\" data-id=\"13c876d9\" data-element_type=\"widget\" data-widget_type=\"image.default\">\n\t\t\t\t<div class=\"elementor-widget-container\">\n\t\t\t\t\t\t\t\t\t\t\t\t\t\t\t<img fetchpriority=\"high\" decoding=\"async\" width=\"750\" height=\"500\" src=\"https:\/\/www.elijahotel.com\/wp-content\/uploads\/2021\/03\/tsr00034635502722176847500.jpg\" class=\"elementor-animation-grow attachment-large size-large wp-image-1535\" alt=\"\" srcset=\"https:\/\/www.elijahotel.com\/wp-content\/uploads\/2021\/03\/tsr00034635502722176847500.jpg 750w, https:\/\/www.elijahotel.com\/wp-content\/uploads\/2021\/03\/tsr00034635502722176847500-300x200.jpg 300w\" sizes=\"(max-width: 750px) 100vw, 750px\" \/>\t\t\t\t\t\t\t\t\t\t\t\t\t\t\t<\/div>\n\t\t\t\t<\/div>\n\t\t\t\t<div class=\"elementor-element elementor-element-52d3458 elementor-widget elementor-widget-text-editor\" data-id=\"52d3458\" data-element_type=\"widget\" data-widget_type=\"text-editor.default\">\n\t\t\t\t<div class=\"elementor-widget-container\">\n\t\t\t\t\t\t\t\t\t<p>BEACH<\/p>\n\t\t\t\t\t\t\t\t<\/div>\n\t\t\t\t<\/div>\n\t\t\t\t<div class=\"elementor-element elementor-element-d8fc997 elementor-widget elementor-widget-text-editor\" data-id=\"d8fc997\" data-element_type=\"widget\" data-widget_type=\"text-editor.default\">\n\t\t\t\t<div class=\"elementor-widget-container\">\n\t\t\t\t\t\t\t\t\t<p>When you reach Kemer&#8217;s world-famous Ay\u0131\u015f\u0131\u011f\u0131 Beach with a short walk, you will have an unforgettable holiday by enjoying the natural beauties and the sea waiting for you on the beach.<\/p>\n\t\t\t\t\t\t\t\t<\/div>\n\t\t\t\t<\/div>\n\t\t\t\t\t<\/div>\n\t\t<\/div>\n\t\t\t\t<div class=\"elementor-column elementor-col-25 elementor-top-column elementor-element elementor-element-45436d68\" data-id=\"45436d68\" data-element_type=\"column\">\n\t\t\t<div class=\"elementor-widget-wrap elementor-element-populated\">\n\t\t\t\t\t\t<div class=\"elementor-element elementor-element-5ad9823d elementor-widget elementor-widget-image\" data-id=\"5ad9823d\" data-element_type=\"widget\" data-widget_type=\"image.default\">\n\t\t\t\t<div class=\"elementor-widget-container\">\n\t\t\t\t\t\t\t\t\t\t\t\t\t\t\t<img decoding=\"async\" width=\"768\" height=\"1024\" src=\"https:\/\/www.elijahotel.com\/wp-content\/uploads\/2021\/06\/havuz-11-768x1024.jpg\" class=\"elementor-animation-grow attachment-large size-large wp-image-1422\" alt=\"\" srcset=\"https:\/\/www.elijahotel.com\/wp-content\/uploads\/2021\/06\/havuz-11-768x1024.jpg 768w, https:\/\/www.elijahotel.com\/wp-content\/uploads\/2021\/06\/havuz-11-225x300.jpg 225w, https:\/\/www.elijahotel.com\/wp-content\/uploads\/2021\/06\/havuz-11-1152x1536.jpg 1152w, https:\/\/www.elijahotel.com\/wp-content\/uploads\/2021\/06\/havuz-11.jpg 1200w\" sizes=\"(max-width: 768px) 100vw, 768px\" \/>\t\t\t\t\t\t\t\t\t\t\t\t\t\t\t<\/div>\n\t\t\t\t<\/div>\n\t\t\t\t<div class=\"elementor-element elementor-element-c195316 elementor-widget elementor-widget-text-editor\" data-id=\"c195316\" data-element_type=\"widget\" data-widget_type=\"text-editor.default\">\n\t\t\t\t<div class=\"elementor-widget-container\">\n\t\t\t\t\t\t\t\t\t<p>Swimming pool<\/p>\n\t\t\t\t\t\t\t\t<\/div>\n\t\t\t\t<\/div>\n\t\t\t\t<div class=\"elementor-element elementor-element-5120da07 elementor-widget elementor-widget-text-editor\" data-id=\"5120da07\" data-element_type=\"widget\" data-widget_type=\"text-editor.default\">\n\t\t\t\t<div class=\"elementor-widget-container\">\n\t\t\t\t\t\t\t\t\t<p>Our hotel&#8217;s pool has been put into service of our valued guests every day between 09:00 -19:00 by applying all necessary hygiene rules.<\/p>\n\t\t\t\t\t\t\t\t<\/div>\n\t\t\t\t<\/div>\n\t\t\t\t\t<\/div>\n\t\t<\/div>\n\t\t\t\t<div class=\"elementor-column elementor-col-25 elementor-top-column elementor-element elementor-element-47a1a3c0\" data-id=\"47a1a3c0\" data-element_type=\"column\">\n\t\t\t<div class=\"elementor-widget-wrap elementor-element-populated\">\n\t\t\t\t\t\t<div class=\"elementor-element elementor-element-86ccc9d elementor-widget elementor-widget-image\" data-id=\"86ccc9d\" data-element_type=\"widget\" data-widget_type=\"image.default\">\n\t\t\t\t<div class=\"elementor-widget-container\">\n\t\t\t\t\t\t\t\t\t\t\t\t\t\t\t<img decoding=\"async\" width=\"1000\" height=\"1500\" src=\"https:\/\/www.elijahotel.com\/wp-content\/uploads\/2021\/03\/yuruyus.jpeg\" class=\"elementor-animation-grow attachment-full size-full wp-image-1536\" alt=\"\" srcset=\"https:\/\/www.elijahotel.com\/wp-content\/uploads\/2021\/03\/yuruyus.jpeg 1000w, https:\/\/www.elijahotel.com\/wp-content\/uploads\/2021\/03\/yuruyus-200x300.jpeg 200w, https:\/\/www.elijahotel.com\/wp-content\/uploads\/2021\/03\/yuruyus-683x1024.jpeg 683w, https:\/\/www.elijahotel.com\/wp-content\/uploads\/2021\/03\/yuruyus-768x1152.jpeg 768w\" sizes=\"(max-width: 1000px) 100vw, 1000px\" \/>\t\t\t\t\t\t\t\t\t\t\t\t\t\t\t<\/div>\n\t\t\t\t<\/div>\n\t\t\t\t<div class=\"elementor-element elementor-element-06312f7 elementor-widget elementor-widget-text-editor\" data-id=\"06312f7\" data-element_type=\"widget\" data-widget_type=\"text-editor.default\">\n\t\t\t\t<div class=\"elementor-widget-container\">\n\t\t\t\t\t\t\t\t\t<p>Walk<\/p>\n\t\t\t\t\t\t\t\t<\/div>\n\t\t\t\t<\/div>\n\t\t\t\t<div class=\"elementor-element elementor-element-2258568 elementor-widget elementor-widget-text-editor\" data-id=\"2258568\" data-element_type=\"widget\" data-widget_type=\"text-editor.default\">\n\t\t\t\t<div class=\"elementor-widget-container\">\n\t\t\t\t\t\t\t\t\t<p>You, dear guests, can rest your soul and body with a nature walk in the pine forests of the Beyda\u011flar\u0131 Coastal National Park, which is nested with our hotel.<\/p>\n\t\t\t\t\t\t\t\t<\/div>\n\t\t\t\t<\/div>\n\t\t\t\t\t<\/div>\n\t\t<\/div>\n\t\t\t\t<div class=\"elementor-column elementor-col-25 elementor-top-column elementor-element elementor-element-6dba373\" data-id=\"6dba373\" data-element_type=\"column\">\n\t\t\t<div class=\"elementor-widget-wrap elementor-element-populated\">\n\t\t\t\t\t\t<div class=\"elementor-element elementor-element-d4ca670 elementor-widget elementor-widget-image\" data-id=\"d4ca670\" data-element_type=\"widget\" data-widget_type=\"image.default\">\n\t\t\t\t<div class=\"elementor-widget-container\">\n\t\t\t\t\t\t\t\t\t\t\t\t\t\t\t<img loading=\"lazy\" decoding=\"async\" width=\"1000\" height=\"1500\" src=\"https:\/\/www.elijahotel.com\/wp-content\/uploads\/2021\/03\/bisikletturu.jpeg\" class=\"elementor-animation-grow attachment-full size-full wp-image-1537\" alt=\"\" srcset=\"https:\/\/www.elijahotel.com\/wp-content\/uploads\/2021\/03\/bisikletturu.jpeg 1000w, https:\/\/www.elijahotel.com\/wp-content\/uploads\/2021\/03\/bisikletturu-200x300.jpeg 200w, https:\/\/www.elijahotel.com\/wp-content\/uploads\/2021\/03\/bisikletturu-683x1024.jpeg 683w, https:\/\/www.elijahotel.com\/wp-content\/uploads\/2021\/03\/bisikletturu-768x1152.jpeg 768w\" sizes=\"(max-width: 1000px) 100vw, 1000px\" \/>\t\t\t\t\t\t\t\t\t\t\t\t\t\t\t<\/div>\n\t\t\t\t<\/div>\n\t\t\t\t<div class=\"elementor-element elementor-element-aa3872a elementor-widget elementor-widget-text-editor\" data-id=\"aa3872a\" data-element_type=\"widget\" data-widget_type=\"text-editor.default\">\n\t\t\t\t<div class=\"elementor-widget-container\">\n\t\t\t\t\t\t\t\t\t<p>BIKE TOUR<\/p>\n\t\t\t\t\t\t\t\t<\/div>\n\t\t\t\t<\/div>\n\t\t\t\t<div class=\"elementor-element elementor-element-1fa3af0 elementor-widget elementor-widget-text-editor\" data-id=\"1fa3af0\" data-element_type=\"widget\" data-widget_type=\"text-editor.default\">\n\t\t\t\t<div class=\"elementor-widget-container\">\n\t\t\t\t\t\t\t\t\t<p>The natural location of our hotel offers you a beautiful cycling route on a 5 km long cycling path in the Beyda\u011flar\u0131 National Park.<\/p>\n\t\t\t\t\t\t\t\t<\/div>\n\t\t\t\t<\/div>\n\t\t\t\t\t<\/div>\n\t\t<\/div>\n\t\t\t\t\t<\/div>\n\t\t<\/section>\n\t\t\t\t<\/div>\n\t\t","protected":false},"excerpt":{"rendered":"<p>Our aim is to make your holiday unforgettable BEACH When you reach Kemer&#8217;s world-famous Ay\u0131\u015f\u0131\u011f\u0131 Beach with a short walk, you will have an unforgettable holiday by enjoying the natural beauties and the sea waiting for you on the beach. Swimming pool Our hotel&#8217;s pool has been put into service of our valued guests every [&hellip;]<\/p>\n","protected":false},"author":1,"featured_media":0,"parent":0,"menu_order":0,"comment_status":"closed","ping_status":"closed","template":"","meta":{"footnotes":""},"class_list":["post-1532","page","type-page","status-publish","hentry"],"_links":{"self":[{"href":"https:\/\/www.elijahotel.com\/en\/wp-json\/wp\/v2\/pages\/1532","targetHints":{"allow":["GET"]}}],"collection":[{"href":"https:\/\/www.elijahotel.com\/en\/wp-json\/wp\/v2\/pages"}],"about":[{"href":"https:\/\/www.elijahotel.com\/en\/wp-json\/wp\/v2\/types\/page"}],"author":[{"embeddable":true,"href":"https:\/\/www.elijahotel.com\/en\/wp-json\/wp\/v2\/users\/1"}],"replies":[{"embeddable":true,"href":"https:\/\/www.elijahotel.com\/en\/wp-json\/wp\/v2\/comments?post=1532"}],"version-history":[{"count":0,"href":"https:\/\/www.elijahotel.com\/en\/wp-json\/wp\/v2\/pages\/1532\/revisions"}],"wp:attachment":[{"href":"https:\/\/www.elijahotel.com\/en\/wp-json\/wp\/v2\/media?parent=1532"}],"curies":[{"name":"wp","href":"https:\/\/api.w.org\/{rel}","templated":true}]}}