{"id":1244,"date":"2021-03-24T10:30:16","date_gmt":"2021-03-24T10:30:16","guid":{"rendered":"http:\/\/elijahotel.com\/%d1%80%d0%b5%d1%81%d1%82%d0%be%d1%80%d0%b0%d0%bd\/"},"modified":"2021-03-24T10:30:17","modified_gmt":"2021-03-24T10:30:17","slug":"%d1%80%d0%b5%d1%81%d1%82%d0%be%d1%80%d0%b0%d0%bd","status":"publish","type":"page","link":"https:\/\/www.elijahotel.com\/ru\/%d1%80%d0%b5%d1%81%d1%82%d0%be%d1%80%d0%b0%d0%bd\/","title":{"rendered":"\u0420\u0435\u0441\u0442\u043e\u0440\u0430\u043d"},"content":{"rendered":"\t\t<div data-elementor-type=\"wp-page\" data-elementor-id=\"1244\" class=\"elementor elementor-1244 elementor-18\" data-elementor-post-type=\"page\">\n\t\t\t\t\t\t<section class=\"elementor-section elementor-top-section elementor-element elementor-element-b6521f3 elementor-section-height-min-height elementor-section-boxed elementor-section-height-default elementor-section-items-middle\" data-id=\"b6521f3\" data-element_type=\"section\" data-settings=\"{&quot;background_background&quot;:&quot;classic&quot;}\">\n\t\t\t\t\t\t\t<div class=\"elementor-background-overlay\"><\/div>\n\t\t\t\t\t\t\t<div class=\"elementor-container elementor-column-gap-default\">\n\t\t\t\t\t<div class=\"elementor-column elementor-col-100 elementor-top-column elementor-element elementor-element-9356b9e\" data-id=\"9356b9e\" data-element_type=\"column\">\n\t\t\t<div class=\"elementor-widget-wrap elementor-element-populated\">\n\t\t\t\t\t\t<div class=\"elementor-element elementor-element-704142a elementor-widget elementor-widget-theme-post-title elementor-page-title elementor-widget-heading\" data-id=\"704142a\" data-element_type=\"widget\" data-widget_type=\"theme-post-title.default\">\n\t\t\t\t<div class=\"elementor-widget-container\">\n\t\t\t\t\t<h1 class=\"elementor-heading-title elementor-size-default\">\u0420\u0435\u0441\u0442\u043e\u0440\u0430\u043d<\/h1>\t\t\t\t<\/div>\n\t\t\t\t<\/div>\n\t\t\t\t<div class=\"elementor-element elementor-element-61e1030 elementor-widget elementor-widget-heading\" data-id=\"61e1030\" data-element_type=\"widget\" data-widget_type=\"heading.default\">\n\t\t\t\t<div class=\"elementor-widget-container\">\n\t\t\t\t\t<h1 class=\"elementor-heading-title elementor-size-default\">\u041d\u0430\u0448\u0430 \u0446\u0435\u043b\u044c - \u0441\u0434\u0435\u043b\u0430\u0442\u044c \u0432\u0430\u0448 \u043e\u0442\u0434\u044b\u0445 \u043d\u0435\u0437\u0430\u0431\u044b\u0432\u0430\u0435\u043c\u044b\u043c<\/h1>\t\t\t\t<\/div>\n\t\t\t\t<\/div>\n\t\t\t\t\t<\/div>\n\t\t<\/div>\n\t\t\t\t\t<\/div>\n\t\t<\/section>\n\t\t\t\t<section class=\"elementor-section elementor-top-section elementor-element elementor-element-10f9dde4 elementor-section-content-middle elementor-section-boxed elementor-section-height-default elementor-section-height-default\" data-id=\"10f9dde4\" data-element_type=\"section\">\n\t\t\t\t\t\t<div class=\"elementor-container elementor-column-gap-no\">\n\t\t\t\t\t<div class=\"elementor-column elementor-col-50 elementor-top-column elementor-element elementor-element-215d5515\" data-id=\"215d5515\" data-element_type=\"column\">\n\t\t\t<div class=\"elementor-widget-wrap elementor-element-populated\">\n\t\t\t\t\t\t<div class=\"elementor-element elementor-element-59160f20 elementor-widget elementor-widget-text-editor\" data-id=\"59160f20\" data-element_type=\"widget\" data-widget_type=\"text-editor.default\">\n\t\t\t\t<div class=\"elementor-widget-container\">\n\t\t\t\t\t\t\t\t\t<div class=\"page\" title=\"Page 3\">\n<div class=\"section\">\n<div class=\"layoutArea\">\n<div class=\"column\">\n<p>Otelimizde ac\u0327\u0131k ve kapal\u0131 alanda sizlere restoran hizmeti sunmaktay\u0131z. Kahvalt\u0131n\u0131z\u0131 sakin ve huzurlu ortamda , dog\u0306al ve lezzetli yiyeceklerimizle sunmaktay\u0131z.<\/p>\n<\/div>\n<\/div>\n<\/div>\n<\/div>\n\t\t\t\t\t\t\t\t<\/div>\n\t\t\t\t<\/div>\n\t\t\t\t\t<\/div>\n\t\t<\/div>\n\t\t\t\t<div class=\"elementor-column elementor-col-50 elementor-top-column elementor-element elementor-element-191a88c7\" data-id=\"191a88c7\" data-element_type=\"column\">\n\t\t\t<div class=\"elementor-widget-wrap elementor-element-populated\">\n\t\t\t\t\t\t<div class=\"elementor-element elementor-element-3bce40e elementor-skin-coverflow elementor-arrows-yes elementor-widget elementor-widget-media-carousel\" data-id=\"3bce40e\" data-element_type=\"widget\" data-settings=\"{&quot;skin&quot;:&quot;coverflow&quot;,&quot;slides_per_view&quot;:&quot;1&quot;,&quot;space_between&quot;:{&quot;unit&quot;:&quot;px&quot;,&quot;size&quot;:0,&quot;sizes&quot;:[]},&quot;show_arrows&quot;:&quot;yes&quot;,&quot;speed&quot;:500,&quot;autoplay&quot;:&quot;yes&quot;,&quot;autoplay_speed&quot;:5000,&quot;loop&quot;:&quot;yes&quot;,&quot;pause_on_hover&quot;:&quot;yes&quot;,&quot;pause_on_interaction&quot;:&quot;yes&quot;,&quot;space_between_tablet&quot;:{&quot;unit&quot;:&quot;px&quot;,&quot;size&quot;:10,&quot;sizes&quot;:[]},&quot;space_between_mobile&quot;:{&quot;unit&quot;:&quot;px&quot;,&quot;size&quot;:10,&quot;sizes&quot;:[]}}\" data-widget_type=\"media-carousel.default\">\n\t\t\t\t<div class=\"elementor-widget-container\">\n\t\t\t\t\t\t\t\t\t<div class=\"elementor-swiper\">\n\t\t\t\t\t<div class=\"elementor-main-swiper swiper\" role=\"region\" aria-roledescription=\"carousel\" aria-label=\"\u0421\u043b\u0430\u0439\u0434\u0435\u0440\">\n\t\t\t\t<div class=\"swiper-wrapper\">\n\t\t\t\t\t\t\t\t\t\t\t<div class=\"swiper-slide\" role=\"group\" aria-roledescription=\"slide\">\n\t\t\t\t\t\t\t\t\t<div class=\"elementor-carousel-image\" role=\"img\" aria-label=\"DSC06711-2-min\" style=\"background-image: url(&#039;https:\/\/www.elijahotel.com\/wp-content\/uploads\/2021\/03\/DSC06711-2-min-scaled.jpg&#039;)\">\n\n\t\t\t\n\t\t\t\t\t<\/div>\n\t\t\t\t\t\t\t\t<\/div>\n\t\t\t\t\t\t\t\t\t\t\t<div class=\"swiper-slide\" role=\"group\" aria-roledescription=\"slide\">\n\t\t\t\t\t\t\t<a href=\"http:\/\/elijahotel.com\/wp-content\/uploads\/2021\/03\/DSC06703-2-min-scaled.jpg\" data-elementor-open-lightbox=\"yes\" data-elementor-lightbox-slideshow=\"3bce40e\" data-elementor-lightbox-title=\"DSC06703-2-min\" data-e-action-hash=\"#elementor-action%3Aaction%3Dlightbox%26settings%3DeyJpZCI6ODU5LCJ1cmwiOiJodHRwczpcL1wvd3d3LmVsaWphaG90ZWwuY29tXC93cC1jb250ZW50XC91cGxvYWRzXC8yMDIxXC8wM1wvRFNDMDY3MDMtMi1taW4tc2NhbGVkLmpwZyIsInNsaWRlc2hvdyI6IjNiY2U0MGUifQ%3D%3D\">\t\t<div class=\"elementor-carousel-image\" role=\"img\" aria-label=\"DSC06703-2-min\" style=\"background-image: url(&#039;https:\/\/www.elijahotel.com\/wp-content\/uploads\/2021\/03\/DSC06703-2-min-scaled.jpg&#039;)\">\n\n\t\t\t\n\t\t\t\t\t<\/div>\n\t\t<\/a>\t\t\t\t\t\t<\/div>\n\t\t\t\t\t\t\t\t\t\t\t<div class=\"swiper-slide\" role=\"group\" aria-roledescription=\"slide\">\n\t\t\t\t\t\t\t<a href=\"http:\/\/elijahotel.com\/wp-content\/uploads\/2021\/03\/DSC06698-2-min-scaled.jpg\" data-elementor-open-lightbox=\"yes\" data-elementor-lightbox-slideshow=\"3bce40e\" data-elementor-lightbox-title=\"DSC06698-2-min\" data-e-action-hash=\"#elementor-action%3Aaction%3Dlightbox%26settings%3DeyJpZCI6ODU4LCJ1cmwiOiJodHRwczpcL1wvd3d3LmVsaWphaG90ZWwuY29tXC93cC1jb250ZW50XC91cGxvYWRzXC8yMDIxXC8wM1wvRFNDMDY2OTgtMi1taW4tc2NhbGVkLmpwZyIsInNsaWRlc2hvdyI6IjNiY2U0MGUifQ%3D%3D\">\t\t<div class=\"elementor-carousel-image\" role=\"img\" aria-label=\"DSC06698-2-min\" style=\"background-image: url(&#039;https:\/\/www.elijahotel.com\/wp-content\/uploads\/2021\/03\/DSC06698-2-min-scaled.jpg&#039;)\">\n\n\t\t\t\n\t\t\t\t\t<\/div>\n\t\t<\/a>\t\t\t\t\t\t<\/div>\n\t\t\t\t\t\t\t\t\t\t\t<div class=\"swiper-slide\" role=\"group\" aria-roledescription=\"slide\">\n\t\t\t\t\t\t\t<a href=\"http:\/\/elijahotel.com\/wp-content\/uploads\/2021\/03\/DSC06697-2-min-scaled.jpg\" data-elementor-open-lightbox=\"yes\" data-elementor-lightbox-slideshow=\"3bce40e\" data-elementor-lightbox-title=\"DSC06697-2-min\" data-e-action-hash=\"#elementor-action%3Aaction%3Dlightbox%26settings%3DeyJpZCI6ODU3LCJ1cmwiOiJodHRwczpcL1wvd3d3LmVsaWphaG90ZWwuY29tXC93cC1jb250ZW50XC91cGxvYWRzXC8yMDIxXC8wM1wvRFNDMDY2OTctMi1taW4tc2NhbGVkLmpwZyIsInNsaWRlc2hvdyI6IjNiY2U0MGUifQ%3D%3D\">\t\t<div class=\"elementor-carousel-image\" role=\"img\" aria-label=\"DSC06697-2-min\" style=\"background-image: url(&#039;https:\/\/www.elijahotel.com\/wp-content\/uploads\/2021\/03\/DSC06697-2-min-scaled.jpg&#039;)\">\n\n\t\t\t\n\t\t\t\t\t<\/div>\n\t\t<\/a>\t\t\t\t\t\t<\/div>\n\t\t\t\t\t\t\t\t\t\t\t<div class=\"swiper-slide\" role=\"group\" aria-roledescription=\"slide\">\n\t\t\t\t\t\t\t<a href=\"http:\/\/elijahotel.com\/wp-content\/uploads\/2021\/03\/DSC06683-2-min-scaled.jpg\" data-elementor-open-lightbox=\"yes\" data-elementor-lightbox-slideshow=\"3bce40e\" data-elementor-lightbox-title=\"DSC06683-2-min\" data-e-action-hash=\"#elementor-action%3Aaction%3Dlightbox%26settings%3DeyJpZCI6ODU2LCJ1cmwiOiJodHRwczpcL1wvd3d3LmVsaWphaG90ZWwuY29tXC93cC1jb250ZW50XC91cGxvYWRzXC8yMDIxXC8wM1wvRFNDMDY2ODMtMi1taW4tc2NhbGVkLmpwZyIsInNsaWRlc2hvdyI6IjNiY2U0MGUifQ%3D%3D\">\t\t<div class=\"elementor-carousel-image\" role=\"img\" aria-label=\"DSC06683-2-min\" style=\"background-image: url(&#039;https:\/\/www.elijahotel.com\/wp-content\/uploads\/2021\/03\/DSC06683-2-min-scaled.jpg&#039;)\">\n\n\t\t\t\n\t\t\t\t\t<\/div>\n\t\t<\/a>\t\t\t\t\t\t<\/div>\n\t\t\t\t\t\t\t\t\t\t\t<div class=\"swiper-slide\" role=\"group\" aria-roledescription=\"slide\">\n\t\t\t\t\t\t\t<a href=\"http:\/\/elijahotel.com\/wp-content\/uploads\/2021\/03\/DSC06681-2-min-scaled.jpg\" data-elementor-open-lightbox=\"yes\" data-elementor-lightbox-slideshow=\"3bce40e\" data-elementor-lightbox-title=\"DSC06681-2-min\" data-e-action-hash=\"#elementor-action%3Aaction%3Dlightbox%26settings%3DeyJpZCI6ODU1LCJ1cmwiOiJodHRwczpcL1wvd3d3LmVsaWphaG90ZWwuY29tXC93cC1jb250ZW50XC91cGxvYWRzXC8yMDIxXC8wM1wvRFNDMDY2ODEtMi1taW4tc2NhbGVkLmpwZyIsInNsaWRlc2hvdyI6IjNiY2U0MGUifQ%3D%3D\">\t\t<div class=\"elementor-carousel-image\" role=\"img\" aria-label=\"DSC06681-2-min\" style=\"background-image: url(&#039;https:\/\/www.elijahotel.com\/wp-content\/uploads\/2021\/03\/DSC06681-2-min-scaled.jpg&#039;)\">\n\n\t\t\t\n\t\t\t\t\t<\/div>\n\t\t<\/a>\t\t\t\t\t\t<\/div>\n\t\t\t\t\t\t\t\t\t<\/div>\n\t\t\t\t\t\t\t\t\t\t\t\t\t\t\t<div class=\"elementor-swiper-button elementor-swiper-button-prev\" role=\"button\" tabindex=\"0\" aria-label=\"\u041f\u0440\u0435\u0434\u044b\u0434\u0443\u0449\u0430\u044f\">\n\t\t\t\t\t\t\t<i aria-hidden=\"true\" class=\"eicon-chevron-left\"><\/i>\t\t\t\t\t\t<\/div>\n\t\t\t\t\t\t<div class=\"elementor-swiper-button elementor-swiper-button-next\" role=\"button\" tabindex=\"0\" aria-label=\"\u0421\u043b\u0435\u0434\u0443\u044e\u0449\u0430\u044f\">\n\t\t\t\t\t\t\t<i aria-hidden=\"true\" class=\"eicon-chevron-right\"><\/i>\t\t\t\t\t\t<\/div>\n\t\t\t\t\t\t\t\t\t\t\t\t\t\t\t\t\t<\/div>\n\t\t\t\t<\/div>\n\t\t\t\t\t\t\t\t<\/div>\n\t\t\t\t<\/div>\n\t\t\t\t\t<\/div>\n\t\t<\/div>\n\t\t\t\t\t<\/div>\n\t\t<\/section>\n\t\t\t\t<\/div>\n\t\t","protected":false},"excerpt":{"rendered":"<p>\u041d\u0430\u0448\u0430 \u0446\u0435\u043b\u044c &#8212; \u0441\u0434\u0435\u043b\u0430\u0442\u044c \u0432\u0430\u0448 \u043e\u0442\u0434\u044b\u0445 \u043d\u0435\u0437\u0430\u0431\u044b\u0432\u0430\u0435\u043c\u044b\u043c Otelimizde ac\u0327\u0131k ve kapal\u0131 alanda sizlere restoran hizmeti sunmaktay\u0131z. Kahvalt\u0131n\u0131z\u0131 sakin ve huzurlu ortamda , dog\u0306al ve lezzetli yiyeceklerimizle sunmaktay\u0131z. Previous Next<\/p>\n","protected":false},"author":1,"featured_media":1128,"parent":0,"menu_order":0,"comment_status":"closed","ping_status":"closed","template":"","meta":{"footnotes":""},"class_list":["post-1244","page","type-page","status-publish","has-post-thumbnail","hentry"],"_links":{"self":[{"href":"https:\/\/www.elijahotel.com\/ru\/wp-json\/wp\/v2\/pages\/1244","targetHints":{"allow":["GET"]}}],"collection":[{"href":"https:\/\/www.elijahotel.com\/ru\/wp-json\/wp\/v2\/pages"}],"about":[{"href":"https:\/\/www.elijahotel.com\/ru\/wp-json\/wp\/v2\/types\/page"}],"author":[{"embeddable":true,"href":"https:\/\/www.elijahotel.com\/ru\/wp-json\/wp\/v2\/users\/1"}],"replies":[{"embeddable":true,"href":"https:\/\/www.elijahotel.com\/ru\/wp-json\/wp\/v2\/comments?post=1244"}],"version-history":[{"count":0,"href":"https:\/\/www.elijahotel.com\/ru\/wp-json\/wp\/v2\/pages\/1244\/revisions"}],"wp:featuredmedia":[{"embeddable":true,"href":"https:\/\/www.elijahotel.com\/ru\/wp-json\/wp\/v2\/media\/1128"}],"wp:attachment":[{"href":"https:\/\/www.elijahotel.com\/ru\/wp-json\/wp\/v2\/media?parent=1244"}],"curies":[{"name":"wp","href":"https:\/\/api.w.org\/{rel}","templated":true}]}}